{"id":76142,"date":"2025-07-10T16:32:25","date_gmt":"2025-07-10T16:32:25","guid":{"rendered":"https:\/\/www.charteok.com\/?page_id=76142"},"modified":"2025-07-11T01:22:35","modified_gmt":"2025-07-11T01:22:35","slug":"en-savoir-plus","status":"publish","type":"page","link":"https:\/\/www.charteok.com\/index.php\/en-savoir-plus\/","title":{"rendered":"En savoir plus"},"content":{"rendered":"\t\t<div data-elementor-type=\"wp-page\" data-elementor-id=\"76142\" class=\"elementor elementor-76142\">\n\t\t\t\t\t\t<section class=\"elementor-section elementor-top-section elementor-element elementor-element-488d4de elementor-section-boxed elementor-section-height-default elementor-section-height-default\" data-id=\"488d4de\" data-element_type=\"section\" data-e-type=\"section\" data-settings=\"{&quot;background_background&quot;:&quot;classic&quot;}\">\n\t\t\t\t\t\t<div class=\"elementor-container elementor-column-gap-default\">\n\t\t\t\t\t<div class=\" elementor-column elementor-col-100 elementor-top-column elementor-element elementor-element-a4d81c5\" data-fullscreen-column-settings=\"{&quot;fullscreen&quot;:&quot;&quot;}\" data-id=\"a4d81c5\" data-element_type=\"column\" data-e-type=\"column\">\n\t\t\t<div class=\"elementor-widget-wrap elementor-element-populated\">\n\t\t\t\t\t\t<div class=\"elementor-element elementor-element-e51dc7c elementor-view-default elementor-widget elementor-widget-icon\" data-id=\"e51dc7c\" data-element_type=\"widget\" data-e-type=\"widget\" data-widget_type=\"icon.default\">\n\t\t\t\t\t\t\t<div class=\"elementor-icon-wrapper\">\n\t\t\t<a class=\"elementor-icon elementor-animation-pulse-grow\" href=\"https:\/\/www.charteok.com\/\">\n\t\t\t<i aria-hidden=\"true\" class=\"fas fa-home\"><\/i>\t\t\t<\/a>\n\t\t<\/div>\n\t\t\t\t\t\t<\/div>\n\t\t\t\t\t<\/div>\n\t\t<\/div>\n\t\t\t\t\t<\/div>\n\t\t<\/section>\n\t\t\t\t<section class=\"elementor-section elementor-top-section elementor-element elementor-element-2c95ef1 elementor-section-boxed elementor-section-height-default elementor-section-height-default\" data-id=\"2c95ef1\" data-element_type=\"section\" data-e-type=\"section\" data-settings=\"{&quot;background_background&quot;:&quot;classic&quot;}\">\n\t\t\t\t\t\t<div class=\"elementor-container elementor-column-gap-default\">\n\t\t\t\t\t<div class=\" elementor-column elementor-col-100 elementor-top-column elementor-element elementor-element-b8fe24c\" data-fullscreen-column-settings=\"{&quot;fullscreen&quot;:&quot;&quot;}\" data-id=\"b8fe24c\" data-element_type=\"column\" data-e-type=\"column\">\n\t\t\t<div class=\"elementor-widget-wrap elementor-element-populated\">\n\t\t\t\t\t\t<div class=\"elementor-element elementor-element-59d5da0 elementor-widget elementor-widget-heading\" data-id=\"59d5da0\" data-element_type=\"widget\" data-e-type=\"widget\" data-widget_type=\"heading.default\">\n\t\t\t\t\t<h2 class=\"elementor-heading-title elementor-size-default\">C'est quoi?<\/h2>\t\t\t\t<\/div>\n\t\t\t\t<div class=\"elementor-element elementor-element-3d4e050 elementor-widget elementor-widget-text-editor\" data-id=\"3d4e050\" data-element_type=\"widget\" data-e-type=\"widget\" data-widget_type=\"text-editor.default\">\n\t\t\t\t\t\t\t\t\t<p data-pm-slice=\"0 0 []\"><strong>Depuis plusieurs ann\u00e9es, des organismes communautaires (R\u00c9ZO, MIELS-Qu\u00e9bec), des directions de sant\u00e9 publique et des centres de sant\u00e9 et de services sociaux (Lanaudi\u00e8re, Mont\u00e9r\u00e9gie, Montr\u00e9al et Capitale-Nationale), collaborent pour offrir des services aux hommes gais, bisexuels et autres hommes qui ont des relations sexuelles avec des hommes (HARSAH) dans des lieux de sexualit\u00e9 sur place (ex. : saunas, campings et B&amp;B pour hommes).<\/strong> Ces services sont : d\u00e9pistage des ITSS, vaccination contre les h\u00e9patites A et B, information et interventions sur la pr\u00e9vention des ITSS et sur la promotion de la sant\u00e9 sexuelle. Plusieurs commerces participent \u00e0 ces efforts de pr\u00e9vention, notamment en facilitant les interventions dans leur \u00e9tablissement.<\/p><p data-pm-slice=\"0 0 []\">\u00a0<\/p><p data-pm-slice=\"0 0 []\">\u00a0<\/p><p data-pm-slice=\"0 0 []\">Afin de consolider la collaboration et de reconna\u00eetre les contributions respectives, des partenaires montr\u00e9alais, soit la Direction de sant\u00e9 publique de Montr\u00e9al, le Centre de sant\u00e9 et de services sociaux Jeanne-Mance, R\u00c9ZO et plusieurs saunas, ont d\u00e9velopp\u00e9 la Charte OK en 2011, un mode de collaboration novateur entre le r\u00e9seau de la sant\u00e9, les organismes communautaires et des \u00e9tablissements commerciaux. La Charte OK symbolise l\u2019engagement mutuel entre diff\u00e9rents partenaires pour la pr\u00e9vention des ITSS. Ce mod\u00e8le de collaboration volontaire entre les diff\u00e9rents acteurs est inspir\u00e9 d\u2019autres chartes qui existent ailleurs dans le monde (Australie, France, Allemagne, etc.).<\/p><p>En 2014, d\u2019autres r\u00e9gions du Qu\u00e9bec ont d\u00e9montr\u00e9 un int\u00e9r\u00eat \u00e0 se joindre \u00e0 la charte OK. Les partenaires montr\u00e9alais ont alors partag\u00e9 leurs connaissances et leur expertise pour permettre la mise en place de la Charte OK dans ces r\u00e9gions. Cette expansion de la Charte OK consolide sa port\u00e9e et permet aux hommes gais et autres HARSAH de reconna\u00eetre facilement les lieux qui adh\u00e8rent aux principes de la Charte.<\/p><p><b>\u00a0<\/b><\/p><p><b>L\u2019\u00e9tablissement commercial partenaire de la Charte OK s\u2019engage \u00e0 :<\/b><\/p><ul><li>faciliter l\u2019acc\u00e8s gratuit aux condoms et lubrifiants en tout temps<\/li><li>faciliter les interventions pr\u00e9ventives, le d\u00e9pistage des ITSS et la<\/li><li>promotion de la sant\u00e9 sexuelle<\/li><li>faciliter l\u2019acc\u00e8s et l\u2019affichage de mat\u00e9riel de sensibilisation et<\/li><li>d\u2019information sur la pr\u00e9vention des ITSS, les pratiques sexuelles<\/li><li>s\u00e9curitaires et les risques associ\u00e9s \u00e0 la consommation de drogues<\/li><li>favoriser la formation des employ\u00e9s sur l\u2019application des<\/li><li>pr\u00e9cautions universelles et la r\u00e9f\u00e9rence des clients vers des<\/li><li>ressources en pr\u00e9vention des ITSS<\/li><li>offrir un environnement propre et mettre \u00e0 la disposition de sa<\/li><li>client\u00e8le un endroit et des produits qui permettent de maintenir une<\/li><li>bonne hygi\u00e8ne personnelle<\/li><li>mettre \u00e0 la disposition de sa client\u00e8le un bac de r\u00e9cup\u00e9ration de<\/li><li>seringues usag\u00e9es, lorsque pertinent<\/li><li>faciliter le suivi de la Charte OK.<\/li><\/ul><p><strong>Les partenaires communautaires et du r\u00e9seau de la sant\u00e9 de la Charte OK s\u2019engagent, \u00e0 leur tour, \u00e0 soutenir l\u2019\u00e9tablissement participant dans la pr\u00e9vention des ITSS aupr\u00e8s des hommes gais et autres HARSAH, ainsi qu\u2019\u00e0 lui offrir certains avantages :<\/strong><\/p><ul><li>Mat\u00e9riel de protection (condoms, lubrifiants) gratuit ou \u00e0 prix r\u00e9duit<\/li><li>Outils et mat\u00e9riel de promotion gratuits (pr\u00e9sentoirs et distributrices)<\/li><li>Services gratuits de pr\u00e9vention et de d\u00e9pistage des ITSS, de promotion de la sant\u00e9 sexuelle et de vaccination<\/li><li>Guide de formation gratuit, \u00e0 l\u2019intention des employ\u00e9s<\/li><li>Reconnaissance de l\u2019engagement de l\u2019\u00e9tablissement dans la Charte OK.<\/li><\/ul><p>Pour consulter le Guide des \u00e9tablissements de la Charte OK,\u00a0<span style=\"text-decoration: underline;\"><a href=\"https:\/\/www.charteok.com\/wp-content\/uploads\/2025\/07\/Guide.pdf\">cliquer ici<\/a><\/span>.<\/p><p><strong>Les exp\u00e9riences ailleurs :<\/strong><\/p><p>Paris :<\/p><p><a href=\"https:\/\/www.enipse.fr\/\">ENIPSE (anciennement SNEG)<\/a><\/p><p>Australie :<\/p><p><a href=\"https:\/\/www.acon.org.au\/\">ACON Here for health<\/a><\/p><p>Angleterre :<\/p><p><a href=\"https:\/\/www.tht.org.uk\/\">Terrence Higgins Trust (THT)<\/a><\/p>\t\t\t\t\t\t\t\t<\/div>\n\t\t\t\t\t<\/div>\n\t\t<\/div>\n\t\t\t\t\t<\/div>\n\t\t<\/section>\n\t\t\t\t<\/div>\n\t\t","protected":false},"excerpt":{"rendered":"<p>C&rsquo;est quoi? Depuis plusieurs ann\u00e9es, des organismes communautaires (R\u00c9ZO, MIELS-Qu\u00e9bec), des directions de sant\u00e9 publique et des centres de sant\u00e9 et de services sociaux (Lanaudi\u00e8re, Mont\u00e9r\u00e9gie, Montr\u00e9al et Capitale-Nationale), collaborent pour offrir des services aux hommes gais, bisexuels et autres hommes qui ont des relations sexuelles avec des hommes (HARSAH) dans des lieux de sexualit\u00e9 [&hellip;]<\/p>\n","protected":false},"author":1,"featured_media":0,"parent":0,"menu_order":0,"comment_status":"closed","ping_status":"closed","template":"elementor_canvas","meta":{"footnotes":""},"class_list":["post-76142","page","type-page","status-publish","hentry"],"yoast_head":"<!-- This site is optimized with the Yoast SEO plugin v27.4 - https:\/\/yoast.com\/product\/yoast-seo-wordpress\/ -->\n<title>En savoir plus - La charte OK<\/title>\n<meta name=\"robots\" content=\"index, follow, max-snippet:-1, max-image-preview:large, max-video-preview:-1\" \/>\n<link rel=\"canonical\" href=\"https:\/\/www.charteok.com\/index.php\/en-savoir-plus\/\" \/>\n<meta property=\"og:locale\" content=\"fr_FR\" \/>\n<meta property=\"og:type\" content=\"article\" \/>\n<meta property=\"og:title\" content=\"En savoir plus - La charte OK\" \/>\n<meta property=\"og:description\" content=\"C&rsquo;est quoi? Depuis plusieurs ann\u00e9es, des organismes communautaires (R\u00c9ZO, MIELS-Qu\u00e9bec), des directions de sant\u00e9 publique et des centres de sant\u00e9 et de services sociaux (Lanaudi\u00e8re, Mont\u00e9r\u00e9gie, Montr\u00e9al et Capitale-Nationale), collaborent pour offrir des services aux hommes gais, bisexuels et autres hommes qui ont des relations sexuelles avec des hommes (HARSAH) dans des lieux de sexualit\u00e9 [&hellip;]\" \/>\n<meta property=\"og:url\" content=\"https:\/\/www.charteok.com\/index.php\/en-savoir-plus\/\" \/>\n<meta property=\"og:site_name\" content=\"La charte OK\" \/>\n<meta property=\"article:modified_time\" content=\"2025-07-11T01:22:35+00:00\" \/>\n<meta name=\"twitter:card\" content=\"summary_large_image\" \/>\n<meta name=\"twitter:label1\" content=\"Dur\u00e9e de lecture estim\u00e9e\" \/>\n\t<meta name=\"twitter:data1\" content=\"3 minutes\" \/>\n<script type=\"application\/ld+json\" class=\"yoast-schema-graph\">{\"@context\":\"https:\\\/\\\/schema.org\",\"@graph\":[{\"@type\":\"WebPage\",\"@id\":\"https:\\\/\\\/www.charteok.com\\\/index.php\\\/en-savoir-plus\\\/\",\"url\":\"https:\\\/\\\/www.charteok.com\\\/index.php\\\/en-savoir-plus\\\/\",\"name\":\"En savoir plus - La charte OK\",\"isPartOf\":{\"@id\":\"https:\\\/\\\/www.charteok.com\\\/#website\"},\"datePublished\":\"2025-07-10T16:32:25+00:00\",\"dateModified\":\"2025-07-11T01:22:35+00:00\",\"breadcrumb\":{\"@id\":\"https:\\\/\\\/www.charteok.com\\\/index.php\\\/en-savoir-plus\\\/#breadcrumb\"},\"inLanguage\":\"fr-FR\",\"potentialAction\":[{\"@type\":\"ReadAction\",\"target\":[\"https:\\\/\\\/www.charteok.com\\\/index.php\\\/en-savoir-plus\\\/\"]}]},{\"@type\":\"BreadcrumbList\",\"@id\":\"https:\\\/\\\/www.charteok.com\\\/index.php\\\/en-savoir-plus\\\/#breadcrumb\",\"itemListElement\":[{\"@type\":\"ListItem\",\"position\":1,\"name\":\"Accueil\",\"item\":\"https:\\\/\\\/www.charteok.com\\\/\"},{\"@type\":\"ListItem\",\"position\":2,\"name\":\"En savoir plus\"}]},{\"@type\":\"WebSite\",\"@id\":\"https:\\\/\\\/www.charteok.com\\\/#website\",\"url\":\"https:\\\/\\\/www.charteok.com\\\/\",\"name\":\"La charte OK\",\"description\":\"On s'engage!\",\"potentialAction\":[{\"@type\":\"SearchAction\",\"target\":{\"@type\":\"EntryPoint\",\"urlTemplate\":\"https:\\\/\\\/www.charteok.com\\\/?s={search_term_string}\"},\"query-input\":{\"@type\":\"PropertyValueSpecification\",\"valueRequired\":true,\"valueName\":\"search_term_string\"}}],\"inLanguage\":\"fr-FR\"}]}<\/script>\n<!-- \/ Yoast SEO plugin. -->","yoast_head_json":{"title":"En savoir plus - La charte OK","robots":{"index":"index","follow":"follow","max-snippet":"max-snippet:-1","max-image-preview":"max-image-preview:large","max-video-preview":"max-video-preview:-1"},"canonical":"https:\/\/www.charteok.com\/index.php\/en-savoir-plus\/","og_locale":"fr_FR","og_type":"article","og_title":"En savoir plus - La charte OK","og_description":"C&rsquo;est quoi? Depuis plusieurs ann\u00e9es, des organismes communautaires (R\u00c9ZO, MIELS-Qu\u00e9bec), des directions de sant\u00e9 publique et des centres de sant\u00e9 et de services sociaux (Lanaudi\u00e8re, Mont\u00e9r\u00e9gie, Montr\u00e9al et Capitale-Nationale), collaborent pour offrir des services aux hommes gais, bisexuels et autres hommes qui ont des relations sexuelles avec des hommes (HARSAH) dans des lieux de sexualit\u00e9 [&hellip;]","og_url":"https:\/\/www.charteok.com\/index.php\/en-savoir-plus\/","og_site_name":"La charte OK","article_modified_time":"2025-07-11T01:22:35+00:00","twitter_card":"summary_large_image","twitter_misc":{"Dur\u00e9e de lecture estim\u00e9e":"3 minutes"},"schema":{"@context":"https:\/\/schema.org","@graph":[{"@type":"WebPage","@id":"https:\/\/www.charteok.com\/index.php\/en-savoir-plus\/","url":"https:\/\/www.charteok.com\/index.php\/en-savoir-plus\/","name":"En savoir plus - La charte OK","isPartOf":{"@id":"https:\/\/www.charteok.com\/#website"},"datePublished":"2025-07-10T16:32:25+00:00","dateModified":"2025-07-11T01:22:35+00:00","breadcrumb":{"@id":"https:\/\/www.charteok.com\/index.php\/en-savoir-plus\/#breadcrumb"},"inLanguage":"fr-FR","potentialAction":[{"@type":"ReadAction","target":["https:\/\/www.charteok.com\/index.php\/en-savoir-plus\/"]}]},{"@type":"BreadcrumbList","@id":"https:\/\/www.charteok.com\/index.php\/en-savoir-plus\/#breadcrumb","itemListElement":[{"@type":"ListItem","position":1,"name":"Accueil","item":"https:\/\/www.charteok.com\/"},{"@type":"ListItem","position":2,"name":"En savoir plus"}]},{"@type":"WebSite","@id":"https:\/\/www.charteok.com\/#website","url":"https:\/\/www.charteok.com\/","name":"La charte OK","description":"On s'engage!","potentialAction":[{"@type":"SearchAction","target":{"@type":"EntryPoint","urlTemplate":"https:\/\/www.charteok.com\/?s={search_term_string}"},"query-input":{"@type":"PropertyValueSpecification","valueRequired":true,"valueName":"search_term_string"}}],"inLanguage":"fr-FR"}]}},"_links":{"self":[{"href":"https:\/\/www.charteok.com\/index.php\/wp-json\/wp\/v2\/pages\/76142","targetHints":{"allow":["GET"]}}],"collection":[{"href":"https:\/\/www.charteok.com\/index.php\/wp-json\/wp\/v2\/pages"}],"about":[{"href":"https:\/\/www.charteok.com\/index.php\/wp-json\/wp\/v2\/types\/page"}],"author":[{"embeddable":true,"href":"https:\/\/www.charteok.com\/index.php\/wp-json\/wp\/v2\/users\/1"}],"replies":[{"embeddable":true,"href":"https:\/\/www.charteok.com\/index.php\/wp-json\/wp\/v2\/comments?post=76142"}],"version-history":[{"count":49,"href":"https:\/\/www.charteok.com\/index.php\/wp-json\/wp\/v2\/pages\/76142\/revisions"}],"predecessor-version":[{"id":76433,"href":"https:\/\/www.charteok.com\/index.php\/wp-json\/wp\/v2\/pages\/76142\/revisions\/76433"}],"wp:attachment":[{"href":"https:\/\/www.charteok.com\/index.php\/wp-json\/wp\/v2\/media?parent=76142"}],"curies":[{"name":"wp","href":"https:\/\/api.w.org\/{rel}","templated":true}]}}